
{"id":8941,"date":"2022-08-31T18:09:56","date_gmt":"2022-08-31T22:09:56","guid":{"rendered":"https:\/\/ateaccounting.com\/?post_type=product&#038;p=8941"},"modified":"2023-09-29T17:02:58","modified_gmt":"2023-09-29T21:02:58","slug":"forma-1065-espanol","status":"publish","type":"product","link":"https:\/\/ateaccounting.com\/es\/producto\/forma-1065-espanol\/","title":{"rendered":"Forma 1065 (espa\u00f1ol)"},"content":{"rendered":"\t\t<div data-elementor-type=\"wp-post\" data-elementor-id=\"8941\" class=\"elementor elementor-8941\">\n\t\t\t\t\t\t\t        <section class=\"elementor-section elementor-top-section elementor-element elementor-element-2ff96215 elementor-section-boxed elementor-section-height-default elementor-section-height-default ct-header-fixed-none ct-row-max-none\" data-id=\"2ff96215\" data-element_type=\"section\">\n            \n                        <div class=\"elementor-container elementor-column-gap-default \">\n                    <div class=\"elementor-column elementor-col-100 elementor-top-column elementor-element elementor-element-403dfa2f\" data-id=\"403dfa2f\" data-element_type=\"column\">\n            <div class=\"elementor-widget-wrap elementor-element-populated\">\n                                <section class=\"elementor-section elementor-inner-section elementor-element elementor-element-e844c7d elementor-section-boxed elementor-section-height-default elementor-section-height-default ct-header-fixed-none ct-row-max-none\" data-id=\"e844c7d\" data-element_type=\"section\">\n            \n                        <div class=\"elementor-container elementor-column-gap-default \">\n                    <div class=\"elementor-column elementor-col-66 elementor-inner-column elementor-element elementor-element-44fd846\" data-id=\"44fd846\" data-element_type=\"column\">\n            <div class=\"elementor-widget-wrap elementor-element-populated\">\n                        \t\t<div class=\"elementor-element elementor-element-5829c38 elementor-widget elementor-widget-video\" data-id=\"5829c38\" data-element_type=\"widget\" data-settings=\"{&quot;youtube_url&quot;:&quot;https:\\\/\\\/www.youtube.com\\\/watch?v=usro3FYzRa8&amp;list=PLAbr6dfGSqVVdc5H8Lqwl0XXRmDZDNugy&quot;,&quot;autoplay&quot;:&quot;yes&quot;,&quot;play_on_mobile&quot;:&quot;yes&quot;,&quot;video_type&quot;:&quot;youtube&quot;,&quot;controls&quot;:&quot;yes&quot;}\" data-widget_type=\"video.default\">\n\t\t\t\t<div class=\"elementor-widget-container\">\n\t\t\t<style>\/*! elementor - v3.16.0 - 20-09-2023 *\/\n.elementor-widget-video .elementor-widget-container{overflow:hidden;transform:translateZ(0)}.elementor-widget-video .elementor-wrapper{aspect-ratio:var(--video-aspect-ratio)}.elementor-widget-video .elementor-wrapper iframe,.elementor-widget-video .elementor-wrapper video{height:100%;width:100%;display:flex;border:none;background-color:#000}@supports not (aspect-ratio:1\/1){.elementor-widget-video .elementor-wrapper{position:relative;overflow:hidden;height:0;padding-bottom:calc(100% \/ var(--video-aspect-ratio))}.elementor-widget-video .elementor-wrapper iframe,.elementor-widget-video .elementor-wrapper video{position:absolute;top:0;right:0;bottom:0;left:0}}.elementor-widget-video .elementor-open-inline .elementor-custom-embed-image-overlay{position:absolute;top:0;right:0;bottom:0;left:0;background-size:cover;background-position:50%}.elementor-widget-video .elementor-custom-embed-image-overlay{cursor:pointer;text-align:center}.elementor-widget-video .elementor-custom-embed-image-overlay:hover .elementor-custom-embed-play i{opacity:1}.elementor-widget-video .elementor-custom-embed-image-overlay img{display:block;width:100%;aspect-ratio:var(--video-aspect-ratio);-o-object-fit:cover;object-fit:cover;-o-object-position:center center;object-position:center center}@supports not (aspect-ratio:1\/1){.elementor-widget-video .elementor-custom-embed-image-overlay{position:relative;overflow:hidden;height:0;padding-bottom:calc(100% \/ var(--video-aspect-ratio))}.elementor-widget-video .elementor-custom-embed-image-overlay img{position:absolute;top:0;right:0;bottom:0;left:0}}.elementor-widget-video .e-hosted-video .elementor-video{-o-object-fit:cover;object-fit:cover}.e-con-inner>.elementor-widget-video,.e-con>.elementor-widget-video{width:var(--container-widget-width);--flex-grow:var(--container-widget-flex-grow)}<\/style>\t\t<div class=\"elementor-wrapper elementor-open-inline\">\n\t\t\t<div class=\"elementor-video\"><\/div>\t\t<\/div>\n\t\t\t\t<\/div>\n\t\t\t\t<\/div>\n\t\t            <\/div>\n        <\/div>\n                <div class=\"elementor-column elementor-col-33 elementor-inner-column elementor-element elementor-element-9d465b1\" data-id=\"9d465b1\" data-element_type=\"column\">\n            <div class=\"elementor-widget-wrap elementor-element-populated\">\n                        \t\t<div class=\"elementor-element elementor-element-b543e53 elementor-icon-list--layout-traditional elementor-list-item-link-full_width elementor-widget elementor-widget-icon-list\" data-id=\"b543e53\" data-element_type=\"widget\" data-widget_type=\"icon-list.default\">\n\t\t\t\t<div class=\"elementor-widget-container\">\n\t\t\t<link rel=\"stylesheet\" href=\"https:\/\/ateaccounting.com\/wp-content\/plugins\/elementor\/assets\/css\/widget-icon-list.min.css\">\t\t<ul class=\"elementor-icon-list-items\">\n\t\t\t\t\t\t\t<li class=\"elementor-icon-list-item\">\n\t\t\t\t\t\t\t\t\t\t\t<span class=\"elementor-icon-list-icon\">\n\t\t\t\t\t\t\t<svg aria-hidden=\"true\" class=\"e-font-icon-svg e-fas-check\" viewBox=\"0 0 512 512\" xmlns=\"http:\/\/www.w3.org\/2000\/svg\"><path d=\"M173.898 439.404l-166.4-166.4c-9.997-9.997-9.997-26.206 0-36.204l36.203-36.204c9.997-9.998 26.207-9.998 36.204 0L192 312.69 432.095 72.596c9.997-9.997 26.207-9.997 36.204 0l36.203 36.204c9.997 9.997 9.997 26.206 0 36.204l-294.4 294.401c-9.998 9.997-26.207 9.997-36.204-.001z\"><\/path><\/svg>\t\t\t\t\t\t<\/span>\n\t\t\t\t\t\t\t\t\t\t<span class=\"elementor-icon-list-text\">M\u00f3dulos: 15<\/span>\n\t\t\t\t\t\t\t\t\t<\/li>\n\t\t\t\t\t\t\t\t<li class=\"elementor-icon-list-item\">\n\t\t\t\t\t\t\t\t\t\t\t<span class=\"elementor-icon-list-icon\">\n\t\t\t\t\t\t\t<svg aria-hidden=\"true\" class=\"e-font-icon-svg e-fas-video\" viewBox=\"0 0 576 512\" xmlns=\"http:\/\/www.w3.org\/2000\/svg\"><path d=\"M336.2 64H47.8C21.4 64 0 85.4 0 111.8v288.4C0 426.6 21.4 448 47.8 448h288.4c26.4 0 47.8-21.4 47.8-47.8V111.8c0-26.4-21.4-47.8-47.8-47.8zm189.4 37.7L416 177.3v157.4l109.6 75.5c21.2 14.6 50.4-.3 50.4-25.8V127.5c0-25.4-29.1-40.4-50.4-25.8z\"><\/path><\/svg>\t\t\t\t\t\t<\/span>\n\t\t\t\t\t\t\t\t\t\t<span class=\"elementor-icon-list-text\">Videos: 8<\/span>\n\t\t\t\t\t\t\t\t\t<\/li>\n\t\t\t\t\t\t\t\t<li class=\"elementor-icon-list-item\">\n\t\t\t\t\t\t\t\t\t\t\t<span class=\"elementor-icon-list-icon\">\n\t\t\t\t\t\t\t<svg aria-hidden=\"true\" class=\"e-font-icon-svg e-fas-book\" viewBox=\"0 0 448 512\" xmlns=\"http:\/\/www.w3.org\/2000\/svg\"><path d=\"M448 360V24c0-13.3-10.7-24-24-24H96C43 0 0 43 0 96v320c0 53 43 96 96 96h328c13.3 0 24-10.7 24-24v-16c0-7.5-3.5-14.3-8.9-18.7-4.2-15.4-4.2-59.3 0-74.7 5.4-4.3 8.9-11.1 8.9-18.6zM128 134c0-3.3 2.7-6 6-6h212c3.3 0 6 2.7 6 6v20c0 3.3-2.7 6-6 6H134c-3.3 0-6-2.7-6-6v-20zm0 64c0-3.3 2.7-6 6-6h212c3.3 0 6 2.7 6 6v20c0 3.3-2.7 6-6 6H134c-3.3 0-6-2.7-6-6v-20zm253.4 250H96c-17.7 0-32-14.3-32-32 0-17.6 14.4-32 32-32h285.4c-1.9 17.1-1.9 46.9 0 64z\"><\/path><\/svg>\t\t\t\t\t\t<\/span>\n\t\t\t\t\t\t\t\t\t\t<span class=\"elementor-icon-list-text\">eBooks: 7<\/span>\n\t\t\t\t\t\t\t\t\t<\/li>\n\t\t\t\t\t\t\t\t<li class=\"elementor-icon-list-item\">\n\t\t\t\t\t\t\t\t\t\t\t<span class=\"elementor-icon-list-icon\">\n\t\t\t\t\t\t\t<svg aria-hidden=\"true\" class=\"e-font-icon-svg e-fas-file-excel\" viewBox=\"0 0 384 512\" xmlns=\"http:\/\/www.w3.org\/2000\/svg\"><path d=\"M224 136V0H24C10.7 0 0 10.7 0 24v464c0 13.3 10.7 24 24 24h336c13.3 0 24-10.7 24-24V160H248c-13.2 0-24-10.8-24-24zm60.1 106.5L224 336l60.1 93.5c5.1 8-.6 18.5-10.1 18.5h-34.9c-4.4 0-8.5-2.4-10.6-6.3C208.9 405.5 192 373 192 373c-6.4 14.8-10 20-36.6 68.8-2.1 3.9-6.1 6.3-10.5 6.3H110c-9.5 0-15.2-10.5-10.1-18.5l60.3-93.5-60.3-93.5c-5.2-8 .6-18.5 10.1-18.5h34.8c4.4 0 8.5 2.4 10.6 6.3 26.1 48.8 20 33.6 36.6 68.5 0 0 6.1-11.7 36.6-68.5 2.1-3.9 6.2-6.3 10.6-6.3H274c9.5-.1 15.2 10.4 10.1 18.4zM384 121.9v6.1H256V0h6.1c6.4 0 12.5 2.5 17 7l97.9 98c4.5 4.5 7 10.6 7 16.9z\"><\/path><\/svg>\t\t\t\t\t\t<\/span>\n\t\t\t\t\t\t\t\t\t\t<span class=\"elementor-icon-list-text\">Hojas de Trabajo: 0<\/span>\n\t\t\t\t\t\t\t\t\t<\/li>\n\t\t\t\t\t\t\t\t<li class=\"elementor-icon-list-item\">\n\t\t\t\t\t\t\t\t\t\t\t<span class=\"elementor-icon-list-icon\">\n\t\t\t\t\t\t\t<svg aria-hidden=\"true\" class=\"e-font-icon-svg e-fas-file-powerpoint\" viewBox=\"0 0 384 512\" xmlns=\"http:\/\/www.w3.org\/2000\/svg\"><path d=\"M193.7 271.2c8.8 0 15.5 2.7 20.3 8.1 9.6 10.9 9.8 32.7-.2 44.1-4.9 5.6-11.9 8.5-21.1 8.5h-26.9v-60.7h27.9zM377 105L279 7c-4.5-4.5-10.6-7-17-7h-6v128h128v-6.1c0-6.3-2.5-12.4-7-16.9zm-153 31V0H24C10.7 0 0 10.7 0 24v464c0 13.3 10.7 24 24 24h336c13.3 0 24-10.7 24-24V160H248c-13.2 0-24-10.8-24-24zm53 165.2c0 90.3-88.8 77.6-111.1 77.6V436c0 6.6-5.4 12-12 12h-30.8c-6.6 0-12-5.4-12-12V236.2c0-6.6 5.4-12 12-12h81c44.5 0 72.9 32.8 72.9 77z\"><\/path><\/svg>\t\t\t\t\t\t<\/span>\n\t\t\t\t\t\t\t\t\t\t<span class=\"elementor-icon-list-text\">Presentaciones: 0<\/span>\n\t\t\t\t\t\t\t\t\t<\/li>\n\t\t\t\t\t\t\t\t<li class=\"elementor-icon-list-item\">\n\t\t\t\t\t\t\t\t\t\t\t<span class=\"elementor-icon-list-icon\">\n\t\t\t\t\t\t\t<svg aria-hidden=\"true\" class=\"e-font-icon-svg e-fas-file-word\" viewBox=\"0 0 384 512\" xmlns=\"http:\/\/www.w3.org\/2000\/svg\"><path d=\"M224 136V0H24C10.7 0 0 10.7 0 24v464c0 13.3 10.7 24 24 24h336c13.3 0 24-10.7 24-24V160H248c-13.2 0-24-10.8-24-24zm57.1 120H305c7.7 0 13.4 7.1 11.7 14.7l-38 168c-1.2 5.5-6.1 9.3-11.7 9.3h-38c-5.5 0-10.3-3.8-11.6-9.1-25.8-103.5-20.8-81.2-25.6-110.5h-.5c-1.1 14.3-2.4 17.4-25.6 110.5-1.3 5.3-6.1 9.1-11.6 9.1H117c-5.6 0-10.5-3.9-11.7-9.4l-37.8-168c-1.7-7.5 4-14.6 11.7-14.6h24.5c5.7 0 10.7 4 11.8 9.7 15.6 78 20.1 109.5 21 122.2 1.6-10.2 7.3-32.7 29.4-122.7 1.3-5.4 6.1-9.1 11.7-9.1h29.1c5.6 0 10.4 3.8 11.7 9.2 24 100.4 28.8 124 29.6 129.4-.2-11.2-2.6-17.8 21.6-129.2 1-5.6 5.9-9.5 11.5-9.5zM384 121.9v6.1H256V0h6.1c6.4 0 12.5 2.5 17 7l97.9 98c4.5 4.5 7 10.6 7 16.9z\"><\/path><\/svg>\t\t\t\t\t\t<\/span>\n\t\t\t\t\t\t\t\t\t\t<span class=\"elementor-icon-list-text\">Documentos: 0<\/span>\n\t\t\t\t\t\t\t\t\t<\/li>\n\t\t\t\t\t\t\t\t<li class=\"elementor-icon-list-item\">\n\t\t\t\t\t\t\t\t\t\t\t<span class=\"elementor-icon-list-icon\">\n\t\t\t\t\t\t\t<svg aria-hidden=\"true\" class=\"e-font-icon-svg e-fas-language\" viewBox=\"0 0 640 512\" xmlns=\"http:\/\/www.w3.org\/2000\/svg\"><path d=\"M152.1 236.2c-3.5-12.1-7.8-33.2-7.8-33.2h-.5s-4.3 21.1-7.8 33.2l-11.1 37.5H163zM616 96H336v320h280c13.3 0 24-10.7 24-24V120c0-13.3-10.7-24-24-24zm-24 120c0 6.6-5.4 12-12 12h-11.4c-6.9 23.6-21.7 47.4-42.7 69.9 8.4 6.4 17.1 12.5 26.1 18 5.5 3.4 7.3 10.5 4.1 16.2l-7.9 13.9c-3.4 5.9-10.9 7.8-16.7 4.3-12.6-7.8-24.5-16.1-35.4-24.9-10.9 8.7-22.7 17.1-35.4 24.9-5.8 3.5-13.3 1.6-16.7-4.3l-7.9-13.9c-3.2-5.6-1.4-12.8 4.2-16.2 9.3-5.7 18-11.7 26.1-18-7.9-8.4-14.9-17-21-25.7-4-5.7-2.2-13.6 3.7-17.1l6.5-3.9 7.3-4.3c5.4-3.2 12.4-1.7 16 3.4 5 7 10.8 14 17.4 20.9 13.5-14.2 23.8-28.9 30-43.2H412c-6.6 0-12-5.4-12-12v-16c0-6.6 5.4-12 12-12h64v-16c0-6.6 5.4-12 12-12h16c6.6 0 12 5.4 12 12v16h64c6.6 0 12 5.4 12 12zM0 120v272c0 13.3 10.7 24 24 24h280V96H24c-13.3 0-24 10.7-24 24zm58.9 216.1L116.4 167c1.7-4.9 6.2-8.1 11.4-8.1h32.5c5.1 0 9.7 3.3 11.4 8.1l57.5 169.1c2.6 7.8-3.1 15.9-11.4 15.9h-22.9a12 12 0 0 1-11.5-8.6l-9.4-31.9h-60.2l-9.1 31.8c-1.5 5.1-6.2 8.7-11.5 8.7H70.3c-8.2 0-14-8.1-11.4-15.9z\"><\/path><\/svg>\t\t\t\t\t\t<\/span>\n\t\t\t\t\t\t\t\t\t\t<span class=\"elementor-icon-list-text\">Idioma: Espa\u00f1ol<\/span>\n\t\t\t\t\t\t\t\t\t<\/li>\n\t\t\t\t\t\t<\/ul>\n\t\t\t\t<\/div>\n\t\t\t\t<\/div>\n\t\t            <\/div>\n        <\/div>\n                            <\/div>\n        <\/section>\n        \t\t<div class=\"elementor-element elementor-element-cd37c84 elementor-widget elementor-widget-heading\" data-id=\"cd37c84\" data-element_type=\"widget\" data-widget_type=\"heading.default\">\n\t\t\t\t<div class=\"elementor-widget-container\">\n\t\t\t<style>\/*! elementor - v3.16.0 - 20-09-2023 *\/\n.elementor-heading-title{padding:0;margin:0;line-height:1}.elementor-widget-heading .elementor-heading-title[class*=elementor-size-]>a{color:inherit;font-size:inherit;line-height:inherit}.elementor-widget-heading .elementor-heading-title.elementor-size-small{font-size:15px}.elementor-widget-heading .elementor-heading-title.elementor-size-medium{font-size:19px}.elementor-widget-heading .elementor-heading-title.elementor-size-large{font-size:29px}.elementor-widget-heading .elementor-heading-title.elementor-size-xl{font-size:39px}.elementor-widget-heading .elementor-heading-title.elementor-size-xxl{font-size:59px}<\/style><h2 class=\"elementor-heading-title elementor-size-large\">Forma 1065 (espa\u00f1ol)<\/h2>\t\t<\/div>\n\t\t\t\t<\/div>\n\t\t\t\t<div class=\"elementor-element elementor-element-33a2a5a4 elementor-widget elementor-widget-text-editor\" data-id=\"33a2a5a4\" data-element_type=\"widget\" data-widget_type=\"text-editor.default\">\n\t\t\t\t<div class=\"elementor-widget-container\">\n\t\t\t<style>\/*! elementor - v3.16.0 - 20-09-2023 *\/\n.elementor-widget-text-editor.elementor-drop-cap-view-stacked .elementor-drop-cap{background-color:#69727d;color:#fff}.elementor-widget-text-editor.elementor-drop-cap-view-framed .elementor-drop-cap{color:#69727d;border:3px solid;background-color:transparent}.elementor-widget-text-editor:not(.elementor-drop-cap-view-default) .elementor-drop-cap{margin-top:8px}.elementor-widget-text-editor:not(.elementor-drop-cap-view-default) .elementor-drop-cap-letter{width:1em;height:1em}.elementor-widget-text-editor .elementor-drop-cap{float:left;text-align:center;line-height:1;font-size:50px}.elementor-widget-text-editor .elementor-drop-cap-letter{display:inline-block}<\/style>\t\t\t\t<p>Este curso es una gu\u00eda b\u00e1sica para rellenar el formulario 1065.<\/p><p>Le ser\u00e1 de gran utilidad, haga click en\u00a0<a href=\"https:\/\/ateaccounting.com\/es\/producto\/forma-1065-espanol\/?add-to-cart=8941&amp;quantity=1&amp;wi_buy_now=1\"><strong>COMPRE AHORA<\/strong><\/a>, cree su cuenta, as\u00ed como su contrase\u00f1a personal y su curso estar\u00e1 disponible inmediatamente, no expira, lo que le permitir\u00e1 estudiarlo en su tiempo de manera indefinida. Curso en idioma ESPA\u00d1OL, tambi\u00e9n disponible en\u00a0<a href=\"https:\/\/ateaccounting.com\/product\/form-1065-english\/\"><strong>INGL\u00c9S<\/strong><\/a>.<\/p>\t\t\t\t\t\t<\/div>\n\t\t\t\t<\/div>\n\t\t\t\t<div class=\"elementor-element elementor-element-13c82f4 elementor-widget elementor-widget-ct_tabs\" data-id=\"13c82f4\" data-element_type=\"widget\" data-widget_type=\"ct_tabs.default\">\n\t\t\t\t<div class=\"elementor-widget-container\">\n\t\t\t            <div class=\"ct-tabs ct-tabs--layout1 type-horizontal style5\">\n                <div class=\"ct-tabs-title\">\n                                            <span class=\"ct-tab-title active\" data-target=\"#ct_tabs-13c82f4-527626a\">\n                                                                                    M\u00f3dulo 1        \n                        <\/span>\n                                            <span class=\"ct-tab-title \" data-target=\"#ct_tabs-13c82f4-a4ad6bc\">\n                                                                                    M\u00f3dulo 2        \n                        <\/span>\n                                            <span class=\"ct-tab-title \" data-target=\"#ct_tabs-13c82f4-5b0d835\">\n                                                                                    M\u00f3dulo 3        \n                        <\/span>\n                                            <span class=\"ct-tab-title \" data-target=\"#ct_tabs-13c82f4-4d8bc56\">\n                                                                                    M\u00f3dulo 4        \n                        <\/span>\n                                            <span class=\"ct-tab-title \" data-target=\"#ct_tabs-13c82f4-a0b1496\">\n                                                                                    M\u00f3dulo 5        \n                        <\/span>\n                                            <span class=\"ct-tab-title \" data-target=\"#ct_tabs-13c82f4-903eeaf\">\n                                                                                    M\u00f3dulo 6        \n                        <\/span>\n                                            <span class=\"ct-tab-title \" data-target=\"#ct_tabs-13c82f4-f1200f8\">\n                                                                                    M\u00f3dulo 7        \n                        <\/span>\n                                            <span class=\"ct-tab-title \" data-target=\"#ct_tabs-13c82f4-2a61429\">\n                                                                                    M\u00f3dulo 8        \n                        <\/span>\n                                            <span class=\"ct-tab-title \" data-target=\"#ct_tabs-13c82f4-cdc3042\">\n                                                                                    M\u00f3dulo 9        \n                        <\/span>\n                                            <span class=\"ct-tab-title \" data-target=\"#ct_tabs-13c82f4-dc88f07\">\n                                                                                    M\u00f3dulo 10        \n                        <\/span>\n                                            <span class=\"ct-tab-title \" data-target=\"#ct_tabs-13c82f4-9def711\">\n                                                                                    M\u00f3dulo 11        \n                        <\/span>\n                                            <span class=\"ct-tab-title \" data-target=\"#ct_tabs-13c82f4-a45ef9c\">\n                                                                                    M\u00f3dulo 12        \n                        <\/span>\n                                            <span class=\"ct-tab-title \" data-target=\"#ct_tabs-13c82f4-1825d64\">\n                                                                                    M\u00f3dulo 13        \n                        <\/span>\n                                            <span class=\"ct-tab-title \" data-target=\"#ct_tabs-13c82f4-744afd9\">\n                                                                                    M\u00f3dulo 14        \n                        <\/span>\n                                            <span class=\"ct-tab-title \" data-target=\"#ct_tabs-13c82f4-52da327\">\n                                                                                    M\u00f3dulo 15        \n                        <\/span>\n                                            <span class=\"ct-tab-title \" data-target=\"#ct_tabs-13c82f4-b086552\">\n                                                                                    M\u00f3dulo 16        \n                        <\/span>\n                                    <\/div>\n\n                <div class=\"ct-tabs-content\">\n                                            <div class=\"ct-tab-content \" id=\"ct_tabs-13c82f4-527626a\" style=\"display:block;\"><p>INTRODUCTORIO<\/p><\/div>\n                                            <div class=\"ct-tab-content \" id=\"ct_tabs-13c82f4-a4ad6bc\"><p>\u00bfQU\u00c9 ES UNA SOCIEDAD? (PARTNERSHIP)<\/p><\/div>\n                                            <div class=\"ct-tab-content \" id=\"ct_tabs-13c82f4-5b0d835\"><p>FORMACI\u00d3N DE SOCIEDADES<\/p><\/div>\n                                            <div class=\"ct-tab-content \" id=\"ct_tabs-13c82f4-4d8bc56\"><p>REPORTE DE INGRESO DE UNA SOCIEDAD<\/p><\/div>\n                                            <div class=\"ct-tab-content \" id=\"ct_tabs-13c82f4-a0b1496\"><p>EJEMPLO REPORTE DE INGRESOS<\/p><\/div>\n                                            <div class=\"ct-tab-content \" id=\"ct_tabs-13c82f4-903eeaf\"><p>DISTRIBUCIONES CORRIENTES Y PAGOS GARANTIZADOS<\/p><\/div>\n                                            <div class=\"ct-tab-content \" id=\"ct_tabs-13c82f4-f1200f8\"><p>EJEMPLOS DISTRIBUCIONES CORRIENTES Y PAGOS GARANTIZADOS<\/p><\/div>\n                                            <div class=\"ct-tab-content \" id=\"ct_tabs-13c82f4-2a61429\"><p>A\u00d1OS TRIBUTARIOS<\/p><\/div>\n                                            <div class=\"ct-tab-content \" id=\"ct_tabs-13c82f4-cdc3042\"><p>EJEMPLO A\u00d1OS TRIBUTARIOS<\/p><\/div>\n                                            <div class=\"ct-tab-content \" id=\"ct_tabs-13c82f4-dc88f07\"><p>TRANSACCIONES ENTRE SOCIOS Y LA SOCIEDAD<\/p><\/div>\n                                            <div class=\"ct-tab-content \" id=\"ct_tabs-13c82f4-9def711\"><p>LA REGLA A RIESGO<\/p><\/div>\n                                            <div class=\"ct-tab-content \" id=\"ct_tabs-13c82f4-a45ef9c\"><p>EJEMPLOS LA REGLA DE RIESGO<\/p><\/div>\n                                            <div class=\"ct-tab-content \" id=\"ct_tabs-13c82f4-1825d64\"><p>COMPA\u00d1\u00cdAS DE RESPONSABILIDAD LIMITADA (LIMITED LIABILITY COMPANIES, LLCS)<\/p><\/div>\n                                            <div class=\"ct-tab-content \" id=\"ct_tabs-13c82f4-744afd9\"><p>EJERCICIO 1065 VECO INC<\/p><\/div>\n                                            <div class=\"ct-tab-content \" id=\"ct_tabs-13c82f4-52da327\"><p>FORMA FINAL 1065<\/p><\/div>\n                                            <div class=\"ct-tab-content \" id=\"ct_tabs-13c82f4-b086552\"><p>DESPEDIDO<\/p><\/div>\n                                    <\/div>\n            <\/div>\n            \t\t<\/div>\n\t\t\t\t<\/div>\n\t\t            <\/div>\n        <\/div>\n                            <\/div>\n        <\/section>\n        \t\t\t\t\t<\/div>\n\t\t","protected":false},"excerpt":{"rendered":"<p>M\u00f3dulos: 15 Videos: 8 eBooks: 7 Hojas de Trabajo: 0 Presentaciones: 0 Documentos: 0 Idioma: Espa\u00f1ol Forma 1065 (espa\u00f1ol) Este curso es una gu\u00eda b\u00e1sica para rellenar el formulario 1065. Le ser\u00e1 de gran utilidad, haga click en\u00a0COMPRE AHORA, cree su cuenta, as\u00ed como su contrase\u00f1a personal y su curso estar\u00e1 disponible inmediatamente, no expira, [&hellip;]<\/p>\n","protected":false},"featured_media":8667,"comment_status":"open","ping_status":"closed","template":"","meta":{"_joinchat":[]},"product_brand":[],"product_cat":[80,84,85],"product_tag":[],"class_list":{"0":"post-8941","1":"product","2":"type-product","3":"status-publish","4":"has-post-thumbnail","6":"product_cat-cursos","7":"product_cat-espanol","8":"product_cat-impuestos","10":"first","11":"instock","12":"downloadable","13":"virtual","14":"purchasable","15":"product-type-simple"},"_links":{"self":[{"href":"https:\/\/ateaccounting.com\/es\/wp-json\/wp\/v2\/product\/8941","targetHints":{"allow":["GET"]}}],"collection":[{"href":"https:\/\/ateaccounting.com\/es\/wp-json\/wp\/v2\/product"}],"about":[{"href":"https:\/\/ateaccounting.com\/es\/wp-json\/wp\/v2\/types\/product"}],"replies":[{"embeddable":true,"href":"https:\/\/ateaccounting.com\/es\/wp-json\/wp\/v2\/comments?post=8941"}],"version-history":[{"count":0,"href":"https:\/\/ateaccounting.com\/es\/wp-json\/wp\/v2\/product\/8941\/revisions"}],"wp:featuredmedia":[{"embeddable":true,"href":"https:\/\/ateaccounting.com\/es\/wp-json\/wp\/v2\/media\/8667"}],"wp:attachment":[{"href":"https:\/\/ateaccounting.com\/es\/wp-json\/wp\/v2\/media?parent=8941"}],"wp:term":[{"taxonomy":"product_brand","embeddable":true,"href":"https:\/\/ateaccounting.com\/es\/wp-json\/wp\/v2\/product_brand?post=8941"},{"taxonomy":"product_cat","embeddable":true,"href":"https:\/\/ateaccounting.com\/es\/wp-json\/wp\/v2\/product_cat?post=8941"},{"taxonomy":"product_tag","embeddable":true,"href":"https:\/\/ateaccounting.com\/es\/wp-json\/wp\/v2\/product_tag?post=8941"}],"curies":[{"name":"wp","href":"https:\/\/api.w.org\/{rel}","templated":true}]}}